{"id":1603,"date":"2023-11-02T20:30:30","date_gmt":"2023-11-02T17:30:30","guid":{"rendered":"https:\/\/madera.com.tr\/?post_type=product&#038;p=1603"},"modified":"2023-11-02T20:37:52","modified_gmt":"2023-11-02T17:37:52","slug":"pahli-planyalanmis-kereste-2","status":"publish","type":"product","link":"https:\/\/madera.com.tr\/en\/urun\/pahli-planyalanmis-kereste-2\/","title":{"rendered":"PAHLI PLANYALANMI\u015e KERESTE"},"content":{"rendered":"","protected":false},"excerpt":{"rendered":"<h5><span style=\"color: #008000;\">PAHLI PLANYALANMI\u015e KERESTE<\/span><\/h5>\n<p>&nbsp;<\/p>\n<table style=\"border-top: 3px solid #D4AF83;\" width=\"550\">\n<tbody>\n<tr>\n<td rowspan=\"5\" width=\"105\"><img loading=\"lazy\" decoding=\"async\" class=\"alignnone wp-image-1605 aligncenter\" style=\"margin-top: -30px;\" src=\"https:\/\/madera.com.tr\/wp-content\/uploads\/2023\/11\/Pahli_planyalanmis_kereste_iki_kucuk.png\" alt=\"\" width=\"66\" height=\"66\" srcset=\"https:\/\/madera.com.tr\/wp-content\/uploads\/2023\/11\/Pahli_planyalanmis_kereste_iki_kucuk.png 184w, https:\/\/madera.com.tr\/wp-content\/uploads\/2023\/11\/Pahli_planyalanmis_kereste_iki_kucuk-150x150.png 150w, https:\/\/madera.com.tr\/wp-content\/uploads\/2023\/11\/Pahli_planyalanmis_kereste_iki_kucuk-94x94.png 94w, https:\/\/madera.com.tr\/wp-content\/uploads\/2023\/11\/Pahli_planyalanmis_kereste_iki_kucuk-90x90.png 90w, https:\/\/madera.com.tr\/wp-content\/uploads\/2023\/11\/Pahli_planyalanmis_kereste_iki_kucuk-80x80.png 80w, https:\/\/madera.com.tr\/wp-content\/uploads\/2023\/11\/Pahli_planyalanmis_kereste_iki_kucuk-100x100.png 100w\" sizes=\"auto, (max-width: 66px) 100vw, 66px\" \/><\/td>\n<td style=\"padding-top: 10px;\" width=\"130\"><strong>Y\u00fckseklik<\/strong><\/td>\n<td width=\"250\"><strong>:<\/strong> 90 mm<\/td>\n<\/tr>\n<tr>\n<td><strong>Geni\u015flik<\/strong><\/td>\n<td><strong>:<\/strong> 90 mm<\/td>\n<\/tr>\n<tr>\n<td><strong>Boy<\/strong><\/td>\n<td><strong>:<\/strong> 2m &#8211; 2,5m &#8211; 3m &#8211; 3,5m<\/td>\n<\/tr>\n<tr>\n<td><\/td>\n<td>\u00a0 4m &#8211; 5m &#8211; 6m<\/td>\n<\/tr>\n<tr>\n<td style=\"border-top: 3px solid #D4AF83;\" colspan=\"2\" width=\"309\">\n<ul style=\"font-size: 14px; line-height: 20px; margin-left: 20px;\">\n<li style=\"list-style-position: inside; list-style-type: square; padding-top: 10px; display: list-item; text-align: -webkit-match-parent; text-indent: -20px;\">\u00d6l\u00e7\u00fcler temsili g\u00f6rsel \u00f6l\u00e7\u00fcs\u00fcd\u00fcr, istenilen<br \/>\n\u00f6l\u00e7\u00fclerde haz\u0131rlanmaktad\u0131r.<\/li>\n<\/ul>\n<\/td>\n<\/tr>\n<\/tbody>\n<\/table>\n<p>&nbsp;<\/p>\n","protected":false},"featured_media":1604,"comment_status":"closed","ping_status":"closed","template":"","meta":{"_monsterinsights_skip_tracking":false,"_monsterinsights_sitenote_active":false,"_monsterinsights_sitenote_note":"","_monsterinsights_sitenote_category":0},"product_tag":[],"class_list":["post-1603","product","type-product","status-publish","has-post-thumbnail","hentry"],"aioseo_notices":[],"_links":{"self":[{"href":"https:\/\/madera.com.tr\/en\/wp-json\/wp\/v2\/product\/1603","targetHints":{"allow":["GET"]}}],"collection":[{"href":"https:\/\/madera.com.tr\/en\/wp-json\/wp\/v2\/product"}],"about":[{"href":"https:\/\/madera.com.tr\/en\/wp-json\/wp\/v2\/types\/product"}],"replies":[{"embeddable":true,"href":"https:\/\/madera.com.tr\/en\/wp-json\/wp\/v2\/comments?post=1603"}],"wp:featuredmedia":[{"embeddable":true,"href":"https:\/\/madera.com.tr\/en\/wp-json\/wp\/v2\/media\/1604"}],"wp:attachment":[{"href":"https:\/\/madera.com.tr\/en\/wp-json\/wp\/v2\/media?parent=1603"}],"wp:term":[{"taxonomy":"product_tag","embeddable":true,"href":"https:\/\/madera.com.tr\/en\/wp-json\/wp\/v2\/product_tag?post=1603"}],"curies":[{"name":"wp","href":"https:\/\/api.w.org\/{rel}","templated":true}]}}