{"id":1608,"date":"2023-11-02T20:47:42","date_gmt":"2023-11-02T17:47:42","guid":{"rendered":"https:\/\/madera.com.tr\/?post_type=product&#038;p=1608"},"modified":"2023-11-02T20:51:50","modified_gmt":"2023-11-02T17:51:50","slug":"planyalanmis-kereste-2","status":"publish","type":"product","link":"https:\/\/madera.com.tr\/en\/urun\/planyalanmis-kereste-2\/","title":{"rendered":"PLANYALANMI\u015e KERESTE"},"content":{"rendered":"","protected":false},"excerpt":{"rendered":"<h5><span style=\"color: #008000;\">PLANYALANMI\u015e KERESTE<\/span><\/h5>\n<p>&nbsp;<\/p>\n<table style=\"border-top: 3px solid #D4AF83;\" width=\"550\">\n<tbody>\n<tr>\n<td rowspan=\"5\" width=\"105\"><img loading=\"lazy\" decoding=\"async\" class=\"wp-image-1610 aligncenter\" style=\"margin-top: -20px;\" src=\"https:\/\/madera.com.tr\/wp-content\/uploads\/2023\/11\/planyalanmis_kereste_iki_kucuk.png\" alt=\"\" width=\"74\" height=\"71\" \/><\/td>\n<td style=\"padding-top: 10px;\" width=\"130\"><strong>Y\u00fckseklik<\/strong><\/td>\n<td width=\"250\"><strong>:<\/strong> 50 &#8211; 100 &#8211; 150 &#8211; 200 mm<\/td>\n<\/tr>\n<tr>\n<td><strong>Geni\u015flik<\/strong><\/td>\n<td><strong>:<\/strong> 50 &#8211; 100 &#8211; 150 &#8211; 200 mm<\/td>\n<\/tr>\n<tr>\n<td><strong>Boy<\/strong><\/td>\n<td><strong>:<\/strong> 2m &#8211; 2,5m &#8211; 3m &#8211; 3,5m<\/td>\n<\/tr>\n<tr>\n<td><\/td>\n<td>\u00a0 4m &#8211; 5m &#8211; 6m<\/td>\n<\/tr>\n<tr>\n<td style=\"border-top: 3px solid #D4AF83;\" colspan=\"2\" width=\"309\">\n<ul style=\"font-size: 14px; line-height: 20px; margin-left: 20px;\">\n<li style=\"list-style-position: inside; list-style-type: square; padding-top: 10px; display: list-item; text-align: -webkit-match-parent; text-indent: -20px;\">\u00d6l\u00e7\u00fcler temsili g\u00f6rsel \u00f6l\u00e7\u00fcs\u00fcd\u00fcr, istenilen<br \/>\n\u00f6l\u00e7\u00fclerde haz\u0131rlanmaktad\u0131r.<\/li>\n<\/ul>\n<\/td>\n<\/tr>\n<\/tbody>\n<\/table>\n<p>&nbsp;<\/p>\n","protected":false},"featured_media":1609,"comment_status":"closed","ping_status":"closed","template":"","meta":{"_monsterinsights_skip_tracking":false,"_monsterinsights_sitenote_active":false,"_monsterinsights_sitenote_note":"","_monsterinsights_sitenote_category":0},"product_tag":[],"class_list":["post-1608","product","type-product","status-publish","has-post-thumbnail","hentry"],"aioseo_notices":[],"_links":{"self":[{"href":"https:\/\/madera.com.tr\/en\/wp-json\/wp\/v2\/product\/1608","targetHints":{"allow":["GET"]}}],"collection":[{"href":"https:\/\/madera.com.tr\/en\/wp-json\/wp\/v2\/product"}],"about":[{"href":"https:\/\/madera.com.tr\/en\/wp-json\/wp\/v2\/types\/product"}],"replies":[{"embeddable":true,"href":"https:\/\/madera.com.tr\/en\/wp-json\/wp\/v2\/comments?post=1608"}],"wp:featuredmedia":[{"embeddable":true,"href":"https:\/\/madera.com.tr\/en\/wp-json\/wp\/v2\/media\/1609"}],"wp:attachment":[{"href":"https:\/\/madera.com.tr\/en\/wp-json\/wp\/v2\/media?parent=1608"}],"wp:term":[{"taxonomy":"product_tag","embeddable":true,"href":"https:\/\/madera.com.tr\/en\/wp-json\/wp\/v2\/product_tag?post=1608"}],"curies":[{"name":"wp","href":"https:\/\/api.w.org\/{rel}","templated":true}]}}