{"id":1621,"date":"2023-11-03T10:54:58","date_gmt":"2023-11-03T07:54:58","guid":{"rendered":"https:\/\/madera.com.tr\/?post_type=product&#038;p=1621"},"modified":"2023-11-03T11:17:07","modified_gmt":"2023-11-03T08:17:07","slug":"lambri","status":"publish","type":"product","link":"https:\/\/madera.com.tr\/en\/urun\/lambri\/","title":{"rendered":"LAMBR\u0130"},"content":{"rendered":"","protected":false},"excerpt":{"rendered":"<h5><span style=\"color: #008000;\">LAMBR\u0130<\/span><\/h5>\n<p>&nbsp;<\/p>\n<table style=\"border-top: 3px solid #D4AF83;\" width=\"550\">\n<tbody>\n<tr>\n<td rowspan=\"5\" width=\"105\"><img loading=\"lazy\" decoding=\"async\" class=\"alignnone wp-image-1622 aligncenter\" style=\"margin-top: -100px;\" src=\"https:\/\/madera.com.tr\/wp-content\/uploads\/2023\/11\/lambri_kucuk-64x300.png\" alt=\"\" width=\"29\" height=\"136\" srcset=\"https:\/\/madera.com.tr\/wp-content\/uploads\/2023\/11\/lambri_kucuk-64x300.png 64w, https:\/\/madera.com.tr\/wp-content\/uploads\/2023\/11\/lambri_kucuk.png 71w\" sizes=\"auto, (max-width: 29px) 100vw, 29px\" \/><\/td>\n<td style=\"padding-top: 10px;\" width=\"130\"><strong>Y\u00fckseklik<\/strong><\/td>\n<td width=\"250\"><strong>:<\/strong> 100 mm<\/td>\n<\/tr>\n<tr>\n<td><strong>Kapama Alan\u0131<\/strong><\/td>\n<td><strong>:<\/strong> 85 mm<\/td>\n<\/tr>\n<tr>\n<td><strong>Geni\u015flik<\/strong><\/td>\n<td><strong>:<\/strong> 18\u00a0 mm<\/td>\n<\/tr>\n<tr>\n<td><strong>Boy<\/strong><\/td>\n<td><strong>:<\/strong> 2m &#8211; 2,5m &#8211; 3m &#8211; 3,5m &#8211; 4m<\/td>\n<\/tr>\n<tr>\n<td style=\"border-top: 3px solid #D4AF83;\" colspan=\"2\" width=\"10\"><strong><strong><br \/>\nA\u011fa\u00e7 Cinsi<\/strong><\/strong><\/p>\n<table width=\"140\">\n<tbody>\n<tr>\n<td width=\"60\" height=\"60\"><img loading=\"lazy\" decoding=\"async\" class=\"size-full wp-image-1588 aligncenter\" style=\"margin-top: 8 px;\" src=\"https:\/\/madera.com.tr\/wp-content\/uploads\/2019\/01\/cam.png\" alt=\"\" width=\"60\" height=\"60\" srcset=\"https:\/\/madera.com.tr\/wp-content\/uploads\/2019\/01\/cam.png 141w, https:\/\/madera.com.tr\/wp-content\/uploads\/2019\/01\/cam-94x94.png 94w, https:\/\/madera.com.tr\/wp-content\/uploads\/2019\/01\/cam-90x90.png 90w, https:\/\/madera.com.tr\/wp-content\/uploads\/2019\/01\/cam-80x80.png 80w, https:\/\/madera.com.tr\/wp-content\/uploads\/2019\/01\/cam-100x100.png 100w\" sizes=\"auto, (max-width: 60px) 100vw, 60px\" \/><\/td>\n<td width=\"60\" height=\"60\"><img loading=\"lazy\" decoding=\"async\" class=\"alignnone size-full wp-image-1593\" style=\"margin-top: -1px;\" src=\"https:\/\/madera.com.tr\/wp-content\/uploads\/2019\/01\/ladin.png\" alt=\"\" width=\"60\" height=\"60\" srcset=\"https:\/\/madera.com.tr\/wp-content\/uploads\/2019\/01\/ladin.png 141w, https:\/\/madera.com.tr\/wp-content\/uploads\/2019\/01\/ladin-94x94.png 94w, https:\/\/madera.com.tr\/wp-content\/uploads\/2019\/01\/ladin-90x90.png 90w, https:\/\/madera.com.tr\/wp-content\/uploads\/2019\/01\/ladin-80x80.png 80w, https:\/\/madera.com.tr\/wp-content\/uploads\/2019\/01\/ladin-100x100.png 100w\" sizes=\"auto, (max-width: 60px) 100vw, 60px\" \/><\/td>\n<\/tr>\n<tr>\n<td style=\"text-align: center; font-size: 12px; height: -10px;\"><strong>\u00c7AM<\/strong><\/td>\n<td style=\"text-align: center; font-size: 12px; height: 20px;\"><strong>LAD\u0130N<\/strong><\/td>\n<\/tr>\n<\/tbody>\n<\/table>\n<\/td>\n<\/tr>\n<\/tbody>\n<\/table>\n<ul style=\"font-size: 14px; line-height: 20px; margin-left: 70px;\">\n<li style=\"list-style-type: none;\">\n<ul style=\"font-size: 14px; line-height: 20px; margin-left: 70px;\">\n<li style=\"list-style-position: inside; list-style-type: square; padding-top: 30px; display: list-item; text-align: -webkit-match-parent; text-indent: -20px;\">\u00d6l\u00e7\u00fcler temsili g\u00f6rsel \u00f6l\u00e7\u00fcs\u00fcd\u00fcr, istenilen<br \/>\n\u00f6l\u00e7\u00fclerde haz\u0131rlanmaktad\u0131r.<\/li>\n<\/ul>\n<\/li>\n<\/ul>\n<p>&nbsp;<\/p>\n<p>&nbsp;<\/p>\n","protected":false},"featured_media":1623,"comment_status":"closed","ping_status":"closed","template":"","meta":{"_monsterinsights_skip_tracking":false,"_monsterinsights_sitenote_active":false,"_monsterinsights_sitenote_note":"","_monsterinsights_sitenote_category":0},"product_tag":[],"class_list":["post-1621","product","type-product","status-publish","has-post-thumbnail","hentry"],"aioseo_notices":[],"_links":{"self":[{"href":"https:\/\/madera.com.tr\/en\/wp-json\/wp\/v2\/product\/1621","targetHints":{"allow":["GET"]}}],"collection":[{"href":"https:\/\/madera.com.tr\/en\/wp-json\/wp\/v2\/product"}],"about":[{"href":"https:\/\/madera.com.tr\/en\/wp-json\/wp\/v2\/types\/product"}],"replies":[{"embeddable":true,"href":"https:\/\/madera.com.tr\/en\/wp-json\/wp\/v2\/comments?post=1621"}],"wp:featuredmedia":[{"embeddable":true,"href":"https:\/\/madera.com.tr\/en\/wp-json\/wp\/v2\/media\/1623"}],"wp:attachment":[{"href":"https:\/\/madera.com.tr\/en\/wp-json\/wp\/v2\/media?parent=1621"}],"wp:term":[{"taxonomy":"product_tag","embeddable":true,"href":"https:\/\/madera.com.tr\/en\/wp-json\/wp\/v2\/product_tag?post=1621"}],"curies":[{"name":"wp","href":"https:\/\/api.w.org\/{rel}","templated":true}]}}