{"id":1650,"date":"2023-11-03T14:56:40","date_gmt":"2023-11-03T11:56:40","guid":{"rendered":"https:\/\/madera.com.tr\/?post_type=product&#038;p=1650"},"modified":"2023-11-03T15:17:16","modified_gmt":"2023-11-03T12:17:16","slug":"masa-tablasi","status":"publish","type":"product","link":"https:\/\/madera.com.tr\/en\/urun\/masa-tablasi\/","title":{"rendered":"MASA TABLASI"},"content":{"rendered":"","protected":false},"excerpt":{"rendered":"<h5><span style=\"color: #008000;\">MASA TABLASI<\/span><\/h5>\n<p>&nbsp;<\/p>\n<table style=\"border-top: 3px solid #d4af83; height: 326px;\" width=\"509\">\n<tbody>\n<tr>\n<td style=\"text-align: center;\" rowspan=\"5\" width=\"105\"><\/td>\n<td style=\"padding-top: 10px;\" width=\"130\"><strong>Kal\u0131nl\u0131k<\/strong><\/td>\n<td width=\"250\"><strong>:<\/strong> 34 mm<\/td>\n<\/tr>\n<tr>\n<td><strong>Geni\u015flik<\/strong><\/td>\n<td><strong>:<\/strong> 600mm &#8211; 700mm &#8211; 800mm<\/td>\n<\/tr>\n<tr>\n<td><strong>Uzunluk<\/strong><\/td>\n<td><strong>: <\/strong>600mm &#8211; 700mm &#8211; 800mm\u00a0 \u00a0 \u00a0 1200mm &#8211; 1400mm<\/td>\n<\/tr>\n<tr>\n<td><strong>Kalite<\/strong><\/td>\n<td><strong>:<\/strong> A &#8211; B &#8211; C<\/td>\n<\/tr>\n<tr>\n<td style=\"border-top: 3px solid #D4AF83;\" colspan=\"2\" width=\"10\"><strong><strong><br \/>\n<\/strong>A\u011fa\u00e7 Cinsi<\/strong><\/p>\n<table style=\"height: 145px;\" width=\"349\">\n<tbody>\n<tr>\n<td width=\"60\" height=\"60\"><img loading=\"lazy\" decoding=\"async\" class=\"alignnone wp-image-1592 size-full aligncenter\" style=\"margin-bottom: 25px;\" src=\"https:\/\/madera.com.tr\/wp-content\/uploads\/2019\/01\/kayin.png\" alt=\"\" width=\"60\" height=\"60\" srcset=\"https:\/\/madera.com.tr\/wp-content\/uploads\/2019\/01\/kayin.png 141w, https:\/\/madera.com.tr\/wp-content\/uploads\/2019\/01\/kayin-94x94.png 94w, https:\/\/madera.com.tr\/wp-content\/uploads\/2019\/01\/kayin-90x90.png 90w, https:\/\/madera.com.tr\/wp-content\/uploads\/2019\/01\/kayin-80x80.png 80w, https:\/\/madera.com.tr\/wp-content\/uploads\/2019\/01\/kayin-100x100.png 100w\" sizes=\"auto, (max-width: 60px) 100vw, 60px\" \/><\/td>\n<td width=\"60\" height=\"60\"><img loading=\"lazy\" decoding=\"async\" class=\"wp-image-1588 size-full aligncenter\" style=\"margin-bottom: 25px;\" src=\"https:\/\/madera.com.tr\/wp-content\/uploads\/2019\/01\/cam.png\" alt=\"\" width=\"60\" height=\"60\" srcset=\"https:\/\/madera.com.tr\/wp-content\/uploads\/2019\/01\/cam.png 141w, https:\/\/madera.com.tr\/wp-content\/uploads\/2019\/01\/cam-94x94.png 94w, https:\/\/madera.com.tr\/wp-content\/uploads\/2019\/01\/cam-90x90.png 90w, https:\/\/madera.com.tr\/wp-content\/uploads\/2019\/01\/cam-80x80.png 80w, https:\/\/madera.com.tr\/wp-content\/uploads\/2019\/01\/cam-100x100.png 100w\" sizes=\"auto, (max-width: 60px) 100vw, 60px\" \/><\/td>\n<td width=\"60\" height=\"60\"><img loading=\"lazy\" decoding=\"async\" class=\"alignnone wp-image-1593 size-full aligncenter\" style=\"margin-bottom: 25px;\" src=\"https:\/\/madera.com.tr\/wp-content\/uploads\/2019\/01\/ladin.png\" alt=\"\" width=\"60\" height=\"60\" srcset=\"https:\/\/madera.com.tr\/wp-content\/uploads\/2019\/01\/ladin.png 141w, https:\/\/madera.com.tr\/wp-content\/uploads\/2019\/01\/ladin-94x94.png 94w, https:\/\/madera.com.tr\/wp-content\/uploads\/2019\/01\/ladin-90x90.png 90w, https:\/\/madera.com.tr\/wp-content\/uploads\/2019\/01\/ladin-80x80.png 80w, https:\/\/madera.com.tr\/wp-content\/uploads\/2019\/01\/ladin-100x100.png 100w\" sizes=\"auto, (max-width: 60px) 100vw, 60px\" \/><\/td>\n<td width=\"60\" height=\"60\"><img loading=\"lazy\" decoding=\"async\" class=\"alignnone wp-image-1594 size-full aligncenter\" style=\"margin-bottom: 25px;\" src=\"https:\/\/madera.com.tr\/wp-content\/uploads\/2019\/01\/mese.png\" alt=\"\" width=\"60\" height=\"60\" srcset=\"https:\/\/madera.com.tr\/wp-content\/uploads\/2019\/01\/mese.png 141w, https:\/\/madera.com.tr\/wp-content\/uploads\/2019\/01\/mese-94x94.png 94w, https:\/\/madera.com.tr\/wp-content\/uploads\/2019\/01\/mese-90x90.png 90w, https:\/\/madera.com.tr\/wp-content\/uploads\/2019\/01\/mese-80x80.png 80w, https:\/\/madera.com.tr\/wp-content\/uploads\/2019\/01\/mese-100x100.png 100w\" sizes=\"auto, (max-width: 60px) 100vw, 60px\" \/><\/td>\n<\/tr>\n<tr>\n<td style=\"text-align: center; font-size: 12px; height: 20px;\"><strong>KAYIN<\/strong><\/td>\n<td style=\"text-align: center; font-size: 12px; height: 20px;\"><strong>\u00c7AM<\/strong><\/td>\n<td style=\"text-align: center; font-size: 12px; height: 20px;\"><strong>LAD\u0130N<\/strong><\/td>\n<td style=\"text-align: center; font-size: 12px; height: 20px;\"><strong>ME\u015eE<\/strong><\/td>\n<\/tr>\n<\/tbody>\n<\/table>\n<\/td>\n<\/tr>\n<\/tbody>\n<\/table>\n<ul style=\"font-size: 14px; line-height: 20px; margin-left: 70px;\">\n<li style=\"list-style-type: none;\">\n<ul style=\"font-size: 14px; line-height: 20px; margin-left: 70px;\">\n<li style=\"list-style-position: inside; list-style-type: square; padding-top: 30px; display: list-item; text-align: -webkit-match-parent; text-indent: -20px;\">\u00d6l\u00e7\u00fcler temsili g\u00f6rsel \u00f6l\u00e7\u00fcs\u00fcd\u00fcr, istenilen<br \/>\n\u00f6l\u00e7\u00fclerde haz\u0131rlanmaktad\u0131r.<\/li>\n<\/ul>\n<\/li>\n<\/ul>\n<p>&nbsp;<\/p>\n<p>&nbsp;<\/p>\n","protected":false},"featured_media":1655,"comment_status":"closed","ping_status":"closed","template":"","meta":{"_monsterinsights_skip_tracking":false,"_monsterinsights_sitenote_active":false,"_monsterinsights_sitenote_note":"","_monsterinsights_sitenote_category":0},"product_tag":[],"class_list":["post-1650","product","type-product","status-publish","has-post-thumbnail","hentry"],"aioseo_notices":[],"_links":{"self":[{"href":"https:\/\/madera.com.tr\/en\/wp-json\/wp\/v2\/product\/1650","targetHints":{"allow":["GET"]}}],"collection":[{"href":"https:\/\/madera.com.tr\/en\/wp-json\/wp\/v2\/product"}],"about":[{"href":"https:\/\/madera.com.tr\/en\/wp-json\/wp\/v2\/types\/product"}],"replies":[{"embeddable":true,"href":"https:\/\/madera.com.tr\/en\/wp-json\/wp\/v2\/comments?post=1650"}],"wp:featuredmedia":[{"embeddable":true,"href":"https:\/\/madera.com.tr\/en\/wp-json\/wp\/v2\/media\/1655"}],"wp:attachment":[{"href":"https:\/\/madera.com.tr\/en\/wp-json\/wp\/v2\/media?parent=1650"}],"wp:term":[{"taxonomy":"product_tag","embeddable":true,"href":"https:\/\/madera.com.tr\/en\/wp-json\/wp\/v2\/product_tag?post=1650"}],"curies":[{"name":"wp","href":"https:\/\/api.w.org\/{rel}","templated":true}]}}