{"id":749,"date":"2019-01-16T13:01:55","date_gmt":"2019-01-16T13:01:55","guid":{"rendered":"https:\/\/woocommercecore.mystagingwebsite.com\/product\/t-shirt-with-logo\/"},"modified":"2023-11-03T16:26:02","modified_gmt":"2023-11-03T13:26:02","slug":"tomruk-kesim","status":"publish","type":"product","link":"https:\/\/madera.com.tr\/en\/urun\/tomruk-kesim\/","title":{"rendered":"TOMRUK KES\u0130M"},"content":{"rendered":"","protected":false},"excerpt":{"rendered":"<h5><span style=\"color: #008000;\">TOMRUK KES\u0130M<\/span><\/h5>\n<p>&nbsp;<\/p>\n<p>Zengin orman kaynaklar\u0131 bulunan \u00fclkemizin da\u011flar\u0131ndan ve devlet orman depolar\u0131ndan tedarik edilen tomruklar, in\u015faat, mobilya ve di\u011fer end\u00fcstrilerde kereste ve ah\u015fap \u00fcr\u00fcnlerinin \u00fcretiminde kullan\u0131l\u0131r. Bu do\u011fal kaynak, i\u015flenerek \u00e7e\u015fitli ama\u00e7lar i\u00e7in kullan\u0131ma uygun hale getirilir.<\/p>\n<p>&nbsp;<\/p>\n","protected":false},"featured_media":1590,"comment_status":"closed","ping_status":"closed","template":"","meta":{"_monsterinsights_skip_tracking":false,"_monsterinsights_sitenote_active":false,"_monsterinsights_sitenote_note":"","_monsterinsights_sitenote_category":0},"product_tag":[],"class_list":["post-749","product","type-product","status-publish","has-post-thumbnail","hentry"],"aioseo_notices":[],"_links":{"self":[{"href":"https:\/\/madera.com.tr\/en\/wp-json\/wp\/v2\/product\/749","targetHints":{"allow":["GET"]}}],"collection":[{"href":"https:\/\/madera.com.tr\/en\/wp-json\/wp\/v2\/product"}],"about":[{"href":"https:\/\/madera.com.tr\/en\/wp-json\/wp\/v2\/types\/product"}],"replies":[{"embeddable":true,"href":"https:\/\/madera.com.tr\/en\/wp-json\/wp\/v2\/comments?post=749"}],"wp:featuredmedia":[{"embeddable":true,"href":"https:\/\/madera.com.tr\/en\/wp-json\/wp\/v2\/media\/1590"}],"wp:attachment":[{"href":"https:\/\/madera.com.tr\/en\/wp-json\/wp\/v2\/media?parent=749"}],"wp:term":[{"taxonomy":"product_tag","embeddable":true,"href":"https:\/\/madera.com.tr\/en\/wp-json\/wp\/v2\/product_tag?post=749"}],"curies":[{"name":"wp","href":"https:\/\/api.w.org\/{rel}","templated":true}]}}