{"id":750,"date":"2019-01-16T13:01:55","date_gmt":"2019-01-16T13:01:55","guid":{"rendered":"https:\/\/woocommercecore.mystagingwebsite.com\/product\/beanie-with-logo\/"},"modified":"2023-11-03T16:25:01","modified_gmt":"2023-11-03T13:25:01","slug":"insaatlik-kereste","status":"publish","type":"product","link":"https:\/\/madera.com.tr\/en\/urun\/insaatlik-kereste\/","title":{"rendered":"\u0130N\u015eAATLIK KERESTE"},"content":{"rendered":"","protected":false},"excerpt":{"rendered":"<h5><span style=\"color: #077a51;\">\u0130N\u015eAATLIK KERESTE<\/span><\/h5>\n<p>&nbsp;<\/p>\n<p>Beton kal\u0131p d\u00f6k\u00fcm\u00fcnde, \u00e7at\u0131 in\u015faatlar\u0131nda, kolon veya kiri\u015f olarak kullan\u0131lan,\u00e7e\u015fitli boydaki keresteleri (K\u0131z\u0131l\u00e7am, Kara\u00e7am, Ladin ve benzeri a\u011fa\u00e7 t\u00fcrlerinde), projeleriniz ne kadar b\u00fcy\u00fck olursa olsun kesintisiz ve s\u00fcrekli olarak rekabet\u00e7i fiyatlar ile firmam\u0131zdan temin edebilirsiniz.<\/p>\n<h6><span style=\"color: #077a51;\">\u0130n\u015faatl\u0131k kereste se\u00e7imi yaparken<\/span><br \/>\n<span style=\"color: #077a51;\">dikkat edilmesi gerekenler<\/span><\/h6>\n<p>&nbsp;<\/p>\n<ul>\n<li>Kullan\u0131lacak kerestenin mekanik y\u00f6nden dayan\u0131kl\u0131 olmas\u0131, ve kusurlardan ar\u0131nm\u0131\u015f olmas\u0131 gerekir.<\/li>\n<li>Kaliteli in\u015faatl\u0131k kereste, a\u011fac\u0131n diri odunundan olu\u015fmal\u0131d\u0131r,<\/li>\n<\/ul>\n<p>&nbsp;<\/p>\n","protected":false},"featured_media":1598,"comment_status":"closed","ping_status":"closed","template":"","meta":{"_monsterinsights_skip_tracking":false,"_monsterinsights_sitenote_active":false,"_monsterinsights_sitenote_note":"","_monsterinsights_sitenote_category":0},"product_tag":[],"class_list":["post-750","product","type-product","status-publish","has-post-thumbnail","hentry"],"aioseo_notices":[],"_links":{"self":[{"href":"https:\/\/madera.com.tr\/en\/wp-json\/wp\/v2\/product\/750","targetHints":{"allow":["GET"]}}],"collection":[{"href":"https:\/\/madera.com.tr\/en\/wp-json\/wp\/v2\/product"}],"about":[{"href":"https:\/\/madera.com.tr\/en\/wp-json\/wp\/v2\/types\/product"}],"replies":[{"embeddable":true,"href":"https:\/\/madera.com.tr\/en\/wp-json\/wp\/v2\/comments?post=750"}],"wp:featuredmedia":[{"embeddable":true,"href":"https:\/\/madera.com.tr\/en\/wp-json\/wp\/v2\/media\/1598"}],"wp:attachment":[{"href":"https:\/\/madera.com.tr\/en\/wp-json\/wp\/v2\/media?parent=750"}],"wp:term":[{"taxonomy":"product_tag","embeddable":true,"href":"https:\/\/madera.com.tr\/en\/wp-json\/wp\/v2\/product_tag?post=750"}],"curies":[{"name":"wp","href":"https:\/\/api.w.org\/{rel}","templated":true}]}}