{"id":751,"date":"2019-01-16T13:01:55","date_gmt":"2019-01-16T13:01:55","guid":{"rendered":"https:\/\/woocommercecore.mystagingwebsite.com\/product\/logo-collection\/"},"modified":"2023-11-03T16:21:27","modified_gmt":"2023-11-03T13:21:27","slug":"kalas","status":"publish","type":"product","link":"https:\/\/madera.com.tr\/en\/urun\/kalas\/","title":{"rendered":"KALAS"},"content":{"rendered":"","protected":false},"excerpt":{"rendered":"<h5><span style=\"color: #008000;\">KALAS<\/span><\/h5>\n<p>Marangozlar\u0131n hammadesi olarak bilinen kalaslar, do\u011frama i\u00e7in kullan\u0131lmaktad\u0131r.<br \/>\nKalaslar, do\u011fan\u0131n s\u0131cakl\u0131\u011f\u0131n\u0131 ve do\u011fall\u0131\u011f\u0131n\u0131 ya\u015fam alanlar\u0131n\u0131za getiren bir se\u00e7enektir.<br \/>\nEstetik ve dayan\u0131kl\u0131l\u0131\u011f\u0131 bir araya getirerek, evinizde s\u0131cak ve samimi bir atmosfer yaratman\u0131z\u0131 sa\u011flar.<br \/>\nHem i\u00e7 mekanlarda hem de d\u0131\u015f cephe uygulamalar\u0131nda m\u00fckemmel sonu\u00e7lar sunar.<\/p>\n<p>Kolay i\u015flenebilirli\u011fi sayesinde istedi\u011finiz<br \/>\ntasar\u0131m\u0131 elde etmek art\u0131k \u00e7ok daha kolay.<\/p>\n","protected":false},"featured_media":1597,"comment_status":"closed","ping_status":"closed","template":"","meta":{"_monsterinsights_skip_tracking":false,"_monsterinsights_sitenote_active":false,"_monsterinsights_sitenote_note":"","_monsterinsights_sitenote_category":0},"product_tag":[],"class_list":["post-751","product","type-product","status-publish","has-post-thumbnail","hentry"],"aioseo_notices":[],"_links":{"self":[{"href":"https:\/\/madera.com.tr\/en\/wp-json\/wp\/v2\/product\/751","targetHints":{"allow":["GET"]}}],"collection":[{"href":"https:\/\/madera.com.tr\/en\/wp-json\/wp\/v2\/product"}],"about":[{"href":"https:\/\/madera.com.tr\/en\/wp-json\/wp\/v2\/types\/product"}],"replies":[{"embeddable":true,"href":"https:\/\/madera.com.tr\/en\/wp-json\/wp\/v2\/comments?post=751"}],"wp:featuredmedia":[{"embeddable":true,"href":"https:\/\/madera.com.tr\/en\/wp-json\/wp\/v2\/media\/1597"}],"wp:attachment":[{"href":"https:\/\/madera.com.tr\/en\/wp-json\/wp\/v2\/media?parent=751"}],"wp:term":[{"taxonomy":"product_tag","embeddable":true,"href":"https:\/\/madera.com.tr\/en\/wp-json\/wp\/v2\/product_tag?post=751"}],"curies":[{"name":"wp","href":"https:\/\/api.w.org\/{rel}","templated":true}]}}