{"id":752,"date":"2019-01-16T13:01:55","date_gmt":"2019-01-16T10:01:55","guid":{"rendered":"https:\/\/woocommercecore.mystagingwebsite.com\/product\/wordpress-pennant\/"},"modified":"2023-11-03T16:23:54","modified_gmt":"2023-11-03T13:23:54","slug":"kereste","status":"publish","type":"product","link":"https:\/\/madera.com.tr\/en\/urun\/kereste\/","title":{"rendered":"KERESTE"},"content":{"rendered":"","protected":false},"excerpt":{"rendered":"<h5><span style=\"color: #008000;\">KERESTE<\/span><\/h5>\n<p>Kerestelerimiz, \u00f6mr\u00fcn\u00fc tamamlam\u0131\u015f ormanlardan temin etti\u011fimiz tomruklar\u0131n, modern makine parkurumuzda i\u015flenerek hava kurusu ve ileri teknolojiye sahip konvansiyonel f\u0131r\u0131nlar\u0131m\u0131zda nem oran\u0131n\u0131n %10-12&#8217;ye d\u00fc\u015f\u00fcr\u00fclmesi ile f\u0131r\u0131n kurusu olmak \u00fczere, uluslararas\u0131 standartlarda \u00fcretilmektedir.<\/p>\n<p>Kay\u0131n, Me\u015fe, Karaa\u011fa\u00e7, \u00c7am, Ladin, K\u00f6knar a\u011fa\u00e7lar\u0131ndan imal etti\u011fimiz kereste \u00e7e\u015fitlerimiz ve zengin hammadde sto\u011fumuz ile mobilya ve in\u015faat sekt\u00f6r\u00fcn\u00fcn taleplerini kar\u015f\u0131lamaktay\u0131z.<\/p>\n<p>&nbsp;<\/p>\n<table width=\"240\">\n<tbody>\n<tr>\n<td width=\"60\" height=\"60\"><img loading=\"lazy\" decoding=\"async\" class=\"alignnone wp-image-1592 size-full aligncenter\" style=\"margin-bottom: 10px;\" src=\"https:\/\/madera.com.tr\/wp-content\/uploads\/2019\/01\/kayin.png\" alt=\"\" width=\"60\" height=\"60\" srcset=\"https:\/\/madera.com.tr\/wp-content\/uploads\/2019\/01\/kayin.png 141w, https:\/\/madera.com.tr\/wp-content\/uploads\/2019\/01\/kayin-94x94.png 94w, https:\/\/madera.com.tr\/wp-content\/uploads\/2019\/01\/kayin-90x90.png 90w, https:\/\/madera.com.tr\/wp-content\/uploads\/2019\/01\/kayin-80x80.png 80w, https:\/\/madera.com.tr\/wp-content\/uploads\/2019\/01\/kayin-100x100.png 100w\" sizes=\"auto, (max-width: 60px) 100vw, 60px\" \/><\/td>\n<td width=\"60\" height=\"60\"><img loading=\"lazy\" decoding=\"async\" class=\"wp-image-1588 size-full aligncenter\" style=\"margin-bottom: 10px;\" src=\"https:\/\/madera.com.tr\/wp-content\/uploads\/2019\/01\/cam.png\" alt=\"\" width=\"60\" height=\"60\" srcset=\"https:\/\/madera.com.tr\/wp-content\/uploads\/2019\/01\/cam.png 141w, https:\/\/madera.com.tr\/wp-content\/uploads\/2019\/01\/cam-94x94.png 94w, https:\/\/madera.com.tr\/wp-content\/uploads\/2019\/01\/cam-90x90.png 90w, https:\/\/madera.com.tr\/wp-content\/uploads\/2019\/01\/cam-80x80.png 80w, https:\/\/madera.com.tr\/wp-content\/uploads\/2019\/01\/cam-100x100.png 100w\" sizes=\"auto, (max-width: 60px) 100vw, 60px\" \/><\/td>\n<td width=\"60\" height=\"60\"><img loading=\"lazy\" decoding=\"async\" class=\"alignnone wp-image-1593 size-full aligncenter\" style=\"margin-bottom: 10px;\" src=\"https:\/\/madera.com.tr\/wp-content\/uploads\/2019\/01\/ladin.png\" alt=\"\" width=\"60\" height=\"60\" srcset=\"https:\/\/madera.com.tr\/wp-content\/uploads\/2019\/01\/ladin.png 141w, https:\/\/madera.com.tr\/wp-content\/uploads\/2019\/01\/ladin-94x94.png 94w, https:\/\/madera.com.tr\/wp-content\/uploads\/2019\/01\/ladin-90x90.png 90w, https:\/\/madera.com.tr\/wp-content\/uploads\/2019\/01\/ladin-80x80.png 80w, https:\/\/madera.com.tr\/wp-content\/uploads\/2019\/01\/ladin-100x100.png 100w\" sizes=\"auto, (max-width: 60px) 100vw, 60px\" \/><\/td>\n<\/tr>\n<tr>\n<td style=\"text-align: center; font-size: 12px; height: 20px;\"><strong>KAYIN<\/strong><\/td>\n<td style=\"text-align: center; font-size: 12px; height: 20px;\"><strong>\u00c7AM<\/strong><\/td>\n<td style=\"text-align: center; font-size: 12px; height: 20px;\"><strong>LAD\u0130N<\/strong><\/td>\n<\/tr>\n<tr>\n<td width=\"60\" height=\"60\"><img loading=\"lazy\" decoding=\"async\" class=\"alignnone wp-image-1594 size-full aligncenter\" style=\"margin-bottom: 10px;\" src=\"https:\/\/madera.com.tr\/wp-content\/uploads\/2019\/01\/mese.png\" alt=\"\" width=\"60\" height=\"60\" srcset=\"https:\/\/madera.com.tr\/wp-content\/uploads\/2019\/01\/mese.png 141w, https:\/\/madera.com.tr\/wp-content\/uploads\/2019\/01\/mese-94x94.png 94w, https:\/\/madera.com.tr\/wp-content\/uploads\/2019\/01\/mese-90x90.png 90w, https:\/\/madera.com.tr\/wp-content\/uploads\/2019\/01\/mese-80x80.png 80w, https:\/\/madera.com.tr\/wp-content\/uploads\/2019\/01\/mese-100x100.png 100w\" sizes=\"auto, (max-width: 60px) 100vw, 60px\" \/><\/td>\n<td width=\"60\" height=\"60\"><img loading=\"lazy\" decoding=\"async\" class=\"alignnone wp-image-1595 size-full aligncenter\" style=\"margin-bottom: 10px;\" src=\"https:\/\/madera.com.tr\/wp-content\/uploads\/2019\/01\/karaagac.png\" alt=\"\" width=\"60\" height=\"60\" srcset=\"https:\/\/madera.com.tr\/wp-content\/uploads\/2019\/01\/karaagac.png 141w, https:\/\/madera.com.tr\/wp-content\/uploads\/2019\/01\/karaagac-94x94.png 94w, https:\/\/madera.com.tr\/wp-content\/uploads\/2019\/01\/karaagac-90x90.png 90w, https:\/\/madera.com.tr\/wp-content\/uploads\/2019\/01\/karaagac-80x80.png 80w, https:\/\/madera.com.tr\/wp-content\/uploads\/2019\/01\/karaagac-100x100.png 100w\" sizes=\"auto, (max-width: 60px) 100vw, 60px\" \/><\/td>\n<td width=\"60\" height=\"60\"><img loading=\"lazy\" decoding=\"async\" class=\"size-full wp-image-1589 aligncenter\" style=\"margin-bottom: 10px;\" src=\"https:\/\/madera.com.tr\/wp-content\/uploads\/2019\/01\/goknar.png\" alt=\"\" width=\"60\" height=\"60\" srcset=\"https:\/\/madera.com.tr\/wp-content\/uploads\/2019\/01\/goknar.png 140w, https:\/\/madera.com.tr\/wp-content\/uploads\/2019\/01\/goknar-94x94.png 94w, https:\/\/madera.com.tr\/wp-content\/uploads\/2019\/01\/goknar-90x90.png 90w, https:\/\/madera.com.tr\/wp-content\/uploads\/2019\/01\/goknar-80x80.png 80w, https:\/\/madera.com.tr\/wp-content\/uploads\/2019\/01\/goknar-100x100.png 100w\" sizes=\"auto, (max-width: 60px) 100vw, 60px\" \/><\/td>\n<\/tr>\n<tr>\n<td style=\"text-align: center; font-size: 12px; height: 20px;\"><strong>ME\u015eE<\/strong><\/td>\n<td style=\"text-align: center; font-size: 12px; height: 20px;\"><strong>KARAA\u011eA\u00c7<\/strong><\/td>\n<td style=\"text-align: center; font-size: 12px; height: 20px;\"><strong>G\u00d6KNAR<\/strong><\/td>\n<\/tr>\n<\/tbody>\n<\/table>\n<p>&nbsp;<\/p>\n","protected":false},"featured_media":1591,"comment_status":"closed","ping_status":"closed","template":"","meta":{"_monsterinsights_skip_tracking":false,"_monsterinsights_sitenote_active":false,"_monsterinsights_sitenote_note":"","_monsterinsights_sitenote_category":0},"product_tag":[],"class_list":["post-752","product","type-product","status-publish","has-post-thumbnail","hentry"],"aioseo_notices":[],"_links":{"self":[{"href":"https:\/\/madera.com.tr\/en\/wp-json\/wp\/v2\/product\/752","targetHints":{"allow":["GET"]}}],"collection":[{"href":"https:\/\/madera.com.tr\/en\/wp-json\/wp\/v2\/product"}],"about":[{"href":"https:\/\/madera.com.tr\/en\/wp-json\/wp\/v2\/types\/product"}],"replies":[{"embeddable":true,"href":"https:\/\/madera.com.tr\/en\/wp-json\/wp\/v2\/comments?post=752"}],"wp:featuredmedia":[{"embeddable":true,"href":"https:\/\/madera.com.tr\/en\/wp-json\/wp\/v2\/media\/1591"}],"wp:attachment":[{"href":"https:\/\/madera.com.tr\/en\/wp-json\/wp\/v2\/media?parent=752"}],"wp:term":[{"taxonomy":"product_tag","embeddable":true,"href":"https:\/\/madera.com.tr\/en\/wp-json\/wp\/v2\/product_tag?post=752"}],"curies":[{"name":"wp","href":"https:\/\/api.w.org\/{rel}","templated":true}]}}